{"id":34,"date":"2013-07-28T15:16:51","date_gmt":"2013-07-28T13:16:51","guid":{"rendered":"http:\/\/deutsch-deutsches-freilandmuseum.de\/?page_id=34"},"modified":"2025-01-19T14:22:23","modified_gmt":"2025-01-19T12:22:23","slug":"impressum-2","status":"publish","type":"page","link":"https:\/\/deutsch-deutsches-freilandmuseum.de\/?page_id=34","title":{"rendered":"Impressum"},"content":{"rendered":"<p><span style=\"font-size: 12pt;\">Deutsches Kuratorium zur F\u00f6rderung von Wissenschaft, Bildung und Kultur e.V.<\/span><\/p>\n<p><span style=\"font-size: 12pt;\"><strong>Gesch\u00e4ftsstelle:<\/strong><\/span><\/p>\n<p><span style=\"font-size: 12pt;\">Schweinfurter Stra\u00dfe 16<\/span><br \/>\n<span style=\"font-size: 12pt;\">97532 \u00dcchtelhausen<\/span><\/p>\n<p><span style=\"font-size: 12pt;\">Tel: 09720\/951212<\/span><br \/>\n<span style=\"font-size: 12pt;\">E-Mail: <a href=\"mailto:deutsches.kuratorium@t-online.de\">deutsches.kuratorium@t-online.de<\/a>\u00a0 (zentrale E-Mail Adresse)<\/span><\/p>\n<p><span style=\"font-size: 12pt;\"><a href=\"http:\/\/www.deutsches-kuratorium.de\/\">www.deutsches-kuratorium.de<\/a><\/span><\/p>\n<p><span style=\"font-size: 12pt;\">Vertreten durch den gesch\u00e4ftsf\u00fchrenden Vorstand Andreas Erhard<\/span><\/p>\n<p>&nbsp;<\/p>\n<p><span style=\"font-size: 12pt;\">Das Deutsch-deutsche Freilandmuseum sowie weitere Grenzdenkmale und F\u00f6rderprojekte zur deutschen Einheit stehen unter der Tr\u00e4gerschaft des Deutschen Kuratorium e.V.<\/span><\/p>\n<p><span style=\"font-size: 12pt;\">Es gilt die zentrale Postanschrift sowie E-Mailadresse.<\/span><\/p>\n<p><span style=\"font-size: 12pt;\">Eintr\u00e4ge und Ausf\u00fchrungen zu den Projekten des Deutschen Kuratoriums e.V. in der Wikipedia oder weiteren Enzyklop\u00e4dien sind im Allgemeinen n\u00fctzliche Erstinformationen. Zur weiteren nachhaltigen und sachlich sowie fachlich korrekten Information, sollte ausschlie\u00dflich auf die vorbezeichnete\u00a0Homepage zur\u00fcckgegriffen werden.<\/span><\/p>\n<h4><span style=\"font-size: 12pt;\">Hinweise zum Urheberecht und Datenschutz<\/span><\/h4>\n<p><span style=\"font-size: 12pt;\">Alle Bilddokumente sowie Texte sind urheberrechtlich gesch\u00fctzt. Bild- und Textautor ist, insofern keine weiteren Quellenangaben vorhanden sind das Deutsche Kuratorium zur F\u00f6rderung von Wissenschaft, Bildung und Kultur e.V.<\/span><\/p>\n<p><span style=\"font-size: 12pt;\">Relevante Daten werden nicht in elektronischer Form gespeichert und nicht an Dritte weitergegeben.<\/span><\/p>\n<p><span style=\"font-size: 12pt;\">Jede Nutzung, auch die Verlinkung im Internet, bedarf der Genehmigung.<\/span><\/p>\n","protected":false},"excerpt":{"rendered":"<p>Deutsches Kuratorium zur F\u00f6rderung von Wissenschaft, Bildung und Kultur e.V. Gesch\u00e4ftsstelle: Schweinfurter Stra\u00dfe 16 97532 \u00dcchtelhausen Tel: 09720\/951212 E-Mail: deutsches.kuratorium@t-online.de\u00a0 (zentrale E-Mail Adresse) www.deutsches-kuratorium.de Vertreten durch den gesch\u00e4ftsf\u00fchrenden Vorstand Andreas Erhard &nbsp; Das Deutsch-deutsche Freilandmuseum sowie weitere Grenzdenkmale und F\u00f6rderprojekte <a class=\"more-link\" href=\"https:\/\/deutsch-deutsches-freilandmuseum.de\/?page_id=34\">Weiterlesen\u00a0\u2026<\/a><\/p>\n","protected":false},"author":1,"featured_media":0,"parent":0,"menu_order":0,"comment_status":"closed","ping_status":"closed","template":"","meta":{"footnotes":""},"class_list":["post-34","page","type-page","status-publish","hentry"],"_links":{"self":[{"href":"https:\/\/deutsch-deutsches-freilandmuseum.de\/index.php?rest_route=\/wp\/v2\/pages\/34","targetHints":{"allow":["GET"]}}],"collection":[{"href":"https:\/\/deutsch-deutsches-freilandmuseum.de\/index.php?rest_route=\/wp\/v2\/pages"}],"about":[{"href":"https:\/\/deutsch-deutsches-freilandmuseum.de\/index.php?rest_route=\/wp\/v2\/types\/page"}],"author":[{"embeddable":true,"href":"https:\/\/deutsch-deutsches-freilandmuseum.de\/index.php?rest_route=\/wp\/v2\/users\/1"}],"replies":[{"embeddable":true,"href":"https:\/\/deutsch-deutsches-freilandmuseum.de\/index.php?rest_route=%2Fwp%2Fv2%2Fcomments&post=34"}],"version-history":[{"count":10,"href":"https:\/\/deutsch-deutsches-freilandmuseum.de\/index.php?rest_route=\/wp\/v2\/pages\/34\/revisions"}],"predecessor-version":[{"id":291,"href":"https:\/\/deutsch-deutsches-freilandmuseum.de\/index.php?rest_route=\/wp\/v2\/pages\/34\/revisions\/291"}],"wp:attachment":[{"href":"https:\/\/deutsch-deutsches-freilandmuseum.de\/index.php?rest_route=%2Fwp%2Fv2%2Fmedia&parent=34"}],"curies":[{"name":"wp","href":"https:\/\/api.w.org\/{rel}","templated":true}]}}