{"id":296,"date":"2025-08-31T13:28:18","date_gmt":"2025-08-31T11:28:18","guid":{"rendered":"https:\/\/deutsch-deutsches-freilandmuseum.de\/?page_id=296"},"modified":"2025-08-31T13:52:21","modified_gmt":"2025-08-31T11:52:21","slug":"welterbebestrebungen","status":"publish","type":"page","link":"https:\/\/deutsch-deutsches-freilandmuseum.de\/?page_id=296","title":{"rendered":"Welterbebestrebungen"},"content":{"rendered":"<p><span style=\"font-size: 14pt;\"><strong>Kultur- und Naturerbe der Welt<\/strong><\/span><\/p>\n<p><span style=\"font-size: 12pt;\">Anfang der 2000er Jahre regte Familie Elke, Andreas und Manuel Erhard an, Teile des ehemaligen Grenzabschnitts 44 in die Liste der Weltkultur- und Naturerbest\u00e4tten der UNESCO aufnehmen zu lassen.<br \/>\n<\/span><span style=\"font-size: 12pt;\">Hintergrund dieser Anregung waren die zahlreichen denkmalhistorischen Forschungen der Familie Erhard, welche sich \u00fcber den gesamten Grenzabschnitt bei Behrungen erstreckten. <\/span><span style=\"font-size: 12pt;\">Nach grundlegender fachlicher- und sachlicher Pr\u00fcfung kam Familie Erhard seinerzeit zum Ergebnis, dass f\u00fcr eine Anregung als Welterbest\u00e4tte mit Bezug zur ehemaligen innerdeutschen Grenze nur Teile des Grenzabschnitts 44 und explizit von Grenzzug c &#8211; d auf die L\u00e4nge von ca. 4 Kilometer in Frage kommen k\u00f6nnten.<\/p>\n<p><\/span><span style=\"font-size: 12pt;\"><a href=\"https:\/\/deutsch-deutsches-freilandmuseum.de\/wordpress\/wp-content\/uploads\/Unesco-OU.jpg\"><img loading=\"lazy\" decoding=\"async\" class=\"size-medium wp-image-302 alignleft\" src=\"https:\/\/deutsch-deutsches-freilandmuseum.de\/wordpress\/wp-content\/uploads\/Unesco-OU-300x216.jpg\" alt=\"\" width=\"300\" height=\"216\" srcset=\"https:\/\/deutsch-deutsches-freilandmuseum.de\/wordpress\/wp-content\/uploads\/Unesco-OU-300x216.jpg 300w, https:\/\/deutsch-deutsches-freilandmuseum.de\/wordpress\/wp-content\/uploads\/Unesco-OU-768x553.jpg 768w, https:\/\/deutsch-deutsches-freilandmuseum.de\/wordpress\/wp-content\/uploads\/Unesco-OU.jpg 1024w\" sizes=\"auto, (max-width: 300px) 100vw, 300px\" \/><\/a><br \/>\n<\/span><span style=\"font-size: 12pt;\">Innerhalb dieses Teilbereiches der einstigen innerdeutschen Grenze befinden sich in den Gemarkungen und Fluren \u201eSeeben\u201c, \u201eHammelbad\u201c und \u201eDippachleite\u201c aussagekr\u00e4ftige bauliche Zeugnisse der deutschen Teilungsgeschichte und in ihrer Komplexit\u00e4t einmalige Naturrefugien.<br \/>\n<\/span><span style=\"font-size: 12pt;\">Diesbez\u00fcglich wurden bereits im Jahr 1994 die erhaltenen DDR-Grenzanlagen <\/span><span style=\"font-size: 12pt;\">(Areal der Mahn- und Gedenkst\u00e4tte) als Kulturdenkmalensembles des Freistaates Th\u00fcringen anerkannt. <\/span><\/p>\n<p><strong><span style=\"font-size: 10pt;\">Antwortkarte zu den UNESCO-Richtlinien<\/span><\/strong><\/p>\n<p><span style=\"font-size: 12pt;\">Schutzstellungen als Bodendenkmal bzw. Arch\u00e4ologische St\u00e4tten folgten. Das im Jahr 2000 per Landesverordnung ausgewiesene Naturschutzgebiet \u201eSeeben\u201c erstreckt sich in s\u00fcdwestlicher Richtung entlang des Grenzstreifens. <\/span><span style=\"font-size: 12pt;\">Beide Areale sollten aus denkmal- und naturfachlicher Sicht in die Liste der Kultur- und Naturerbest\u00e4tten der UNESCO Aufnahme finden.<br \/>\n<\/span><span style=\"font-size: 12pt;\">Eine Antragstellung war alleinig der jeweiligen Landesregierung vorbehalten. <\/span><span style=\"font-size: 12pt;\">Das zust\u00e4ndige Th\u00fcringer Ministerium f\u00fcr Wissenschaft, Bildung und Kultur teilte der Familie Erhard seinerzeit mit, dass es in Deutschland bereits viele Welterbest\u00e4tten gibt und das Verfahren der Antragstellung eher als schwierig bzw. langwierig zu bewerten sei.<\/span><\/p>\n","protected":false},"excerpt":{"rendered":"<p>Kultur- und Naturerbe der Welt Anfang der 2000er Jahre regte Familie Elke, Andreas und Manuel Erhard an, Teile des ehemaligen Grenzabschnitts 44 in die Liste der Weltkultur- und Naturerbest\u00e4tten der UNESCO aufnehmen zu lassen. Hintergrund dieser Anregung waren die zahlreichen <a class=\"more-link\" href=\"https:\/\/deutsch-deutsches-freilandmuseum.de\/?page_id=296\">Weiterlesen\u00a0\u2026<\/a><\/p>\n","protected":false},"author":1,"featured_media":0,"parent":0,"menu_order":0,"comment_status":"closed","ping_status":"closed","template":"","meta":{"footnotes":""},"class_list":["post-296","page","type-page","status-publish","hentry"],"_links":{"self":[{"href":"https:\/\/deutsch-deutsches-freilandmuseum.de\/index.php?rest_route=\/wp\/v2\/pages\/296","targetHints":{"allow":["GET"]}}],"collection":[{"href":"https:\/\/deutsch-deutsches-freilandmuseum.de\/index.php?rest_route=\/wp\/v2\/pages"}],"about":[{"href":"https:\/\/deutsch-deutsches-freilandmuseum.de\/index.php?rest_route=\/wp\/v2\/types\/page"}],"author":[{"embeddable":true,"href":"https:\/\/deutsch-deutsches-freilandmuseum.de\/index.php?rest_route=\/wp\/v2\/users\/1"}],"replies":[{"embeddable":true,"href":"https:\/\/deutsch-deutsches-freilandmuseum.de\/index.php?rest_route=%2Fwp%2Fv2%2Fcomments&post=296"}],"version-history":[{"count":11,"href":"https:\/\/deutsch-deutsches-freilandmuseum.de\/index.php?rest_route=\/wp\/v2\/pages\/296\/revisions"}],"predecessor-version":[{"id":310,"href":"https:\/\/deutsch-deutsches-freilandmuseum.de\/index.php?rest_route=\/wp\/v2\/pages\/296\/revisions\/310"}],"wp:attachment":[{"href":"https:\/\/deutsch-deutsches-freilandmuseum.de\/index.php?rest_route=%2Fwp%2Fv2%2Fmedia&parent=296"}],"curies":[{"name":"wp","href":"https:\/\/api.w.org\/{rel}","templated":true}]}}