{"id":27,"date":"2013-07-28T15:15:09","date_gmt":"2013-07-28T13:15:09","guid":{"rendered":"http:\/\/deutsch-deutsches-freilandmuseum.de\/?page_id=27"},"modified":"2026-01-11T14:10:11","modified_gmt":"2026-01-11T12:10:11","slug":"impressum","status":"publish","type":"page","link":"https:\/\/deutsch-deutsches-freilandmuseum.de\/?page_id=27","title":{"rendered":"Besucherservice"},"content":{"rendered":"<p><span style=\"font-size: 12pt;\">Anfragen zu F\u00fchrungen im Areal des Deutsch-deutschen Freilandmuseums oder dem Grenzturmdenkmal bei Gompertshausen sind m\u00f6glich.<\/span><\/p>\n<p><span style=\"text-decoration: underline; font-size: 12pt;\">Gemeinsame Postanschrift<\/span><\/p>\n<p><span style=\"font-size: 12pt;\">Deutsches Kuratorium e.V.<br \/>\n<\/span><span style=\"font-size: 12pt;\">Schweinfurter Stra\u00dfe 16<\/span><br \/>\n<span style=\"font-size: 12pt;\">97532 \u00dcchtelhausen<\/span><\/p>\n<p><span style=\"font-size: 12pt;\">Anfragen per E-Mail richten Sie bitte an die zentrale E-Mail-Adresse<\/span><\/p>\n<p><span style=\"font-size: 12pt;\"><a href=\"mailto:Deutsches.kuratorium@t-online.de\">deutsches.kuratorium@t-online.de<\/a><\/span><\/p>\n<p><span style=\"font-size: 12pt;\">Telefonische Anfragen sind unter Tel. 09720\/951212 m\u00f6glich (Teilweise Bandschaltungen).<\/span><\/p>\n<p><span style=\"font-size: 12pt;\">Historische F\u00fchrungen k\u00f6nnen gebucht werden, Voranmeldung ist erforderlich!<\/span><\/p>\n<p><span style=\"font-size: 12pt;\"><a href=\"https:\/\/deutsch-deutsches-freilandmuseum.de\/wordpress\/wp-content\/uploads\/CCI03082013_00001.jpg\"><img loading=\"lazy\" decoding=\"async\" class=\"size-medium wp-image-100 alignleft\" title=\"Anfahrt\" src=\"https:\/\/deutsch-deutsches-freilandmuseum.de\/wordpress\/wp-content\/uploads\/CCI03082013_00001-300x265.jpg\" alt=\"Anfahrt\" width=\"300\" height=\"265\" srcset=\"https:\/\/deutsch-deutsches-freilandmuseum.de\/wordpress\/wp-content\/uploads\/CCI03082013_00001-300x265.jpg 300w, https:\/\/deutsch-deutsches-freilandmuseum.de\/wordpress\/wp-content\/uploads\/CCI03082013_00001-624x552.jpg 624w, https:\/\/deutsch-deutsches-freilandmuseum.de\/wordpress\/wp-content\/uploads\/CCI03082013_00001.jpg 868w\" sizes=\"auto, (max-width: 300px) 100vw, 300px\" \/><\/a>Gruppenf\u00fchrungen sind ab 10 Teilnehmer m\u00f6glich.<\/span><\/p>\n<p><span style=\"font-size: 12pt;\">Auch F\u00fchrungen von Kleingruppen (unter 10 Teilnehmer) werden durchgef\u00fchrt, hier gilt eine Unkostenpauschale.<\/span><\/p>\n<p><span style=\"font-size: 12pt;\">Es ist ratsam die Anmeldung f\u00fcr eine F\u00fchrung per Telefon abzuwickeln. So k\u00f6nnen zeitnah Termine best\u00e4tigt und Fragen beantwortet werden.<\/span><\/p>\n<p><span style=\"font-size: 12pt;\">Die F\u00fchrungen im Areal des Deutsch-deutschen Freilandmuseums oder dem Grenzturmdenkmal bei Gompertshausen dauern ca. eine bis anderthalb Stunden.<\/span><\/p>\n<p><span style=\"font-size: 12pt;\">Je nach Witterung achten Sie bitte auf entsprechendes Schuhwerk und angepasste Kleidung.<\/span><\/p>\n<p><span style=\"font-size: 12pt;\">F\u00fcr die F\u00fchrung im Areal des Freilandmuseums (Mahn- und Gedenkst\u00e4tte) fallen pro Teilnehmer 5 \u20ac Kosten an.<\/span><\/p>\n<p><span style=\"font-size: 12pt;\">Bei einer erweiterten F\u00fchrung mit bayerischer Landesgrenze in Rappershausen kommt ein Unkostenbetrag von 2 \u20ac pro Teilnehmer hinzu.<\/span><\/p>\n<p><span style=\"font-size: 12pt;\">F\u00fcr F\u00fchrungen im Grenzturmdenkmal bei Gompertshausen berechnen wir 5 \u20ac pro Teilnehmer. Die erweiterte F\u00fchrung mit Teilen der DDR-Staatsgrenze bei Schweickershausen ist m\u00f6glich, 2 \u20ac wird hierf\u00fcr pro Teilnehmer dazu berechnet.<\/span><\/p>\n<p><span style=\"font-size: 12pt;\">Die Kosten f\u00fcr eine \u201eDrei-Landkreis-Fahrt\u201c erfragen Sie bitte per Telefon oder E-Mail.<\/span><\/p>\n<p><span style=\"font-size: 12pt;\">Auf Wunsch unterst\u00fctzen wir Sie bei Ihren Planungen. Gerne Vermitteln wir Ihnen die Kontaktdaten von Gastst\u00e4tten, Einkaufcentern, Hotels oder weiteren Sehensw\u00fcrdigkeiten in der Region.<\/span><\/p>\n<p><span style=\"font-size: 12pt;\">Auf dem gesamten Gel\u00e4nde des Deutsch-deutschen Freilandmuseums bei Behrungen sowie Berkach, des Grenzturm- und F\u00fchrungsbunkermuseums Gompertshausen sowie dem Artenschutz-, Forschungs- und Fledermauszentrum bei Bad Colberg gilt: <\/span><\/p>\n<p><span style=\"font-size: 12pt;\"><strong>Betreten und Befahren auf eigene Gefahr!<\/strong><\/span><\/p>\n<p><span style=\"font-size: 12pt;\">Fachliteratur sowie Wissenswertes \u00fcber die Zeit der deutschen Teilung finden Sie unter: <a href=\"http:\/\/www.grenzdenkmale.de\/\">www.grenzdenkmale.de<\/a><\/span><\/p>\n<p><span style=\"font-size: 12pt;\">Tr\u00e4ger des Deutsch-deutschen Freilandmuseums sowie der weiteren Denkmalprojekte ist das Deutsche Kuratorium zur F\u00f6rderung von Wissenschaft, Bildung und Kultur e.V.<br \/>\n<a href=\"http:\/\/www.deutsches-kuratorium.de\/\">www.deutsches-kuratorium.de<\/a><\/span><\/p>\n","protected":false},"excerpt":{"rendered":"<p>Anfragen zu F\u00fchrungen im Areal des Deutsch-deutschen Freilandmuseums oder dem Grenzturmdenkmal bei Gompertshausen sind m\u00f6glich. Gemeinsame Postanschrift Deutsches Kuratorium e.V. Schweinfurter Stra\u00dfe 16 97532 \u00dcchtelhausen Anfragen per E-Mail richten Sie bitte an die zentrale E-Mail-Adresse deutsches.kuratorium@t-online.de Telefonische Anfragen sind unter <a class=\"more-link\" href=\"https:\/\/deutsch-deutsches-freilandmuseum.de\/?page_id=27\">Weiterlesen\u00a0\u2026<\/a><\/p>\n","protected":false},"author":1,"featured_media":0,"parent":0,"menu_order":0,"comment_status":"closed","ping_status":"closed","template":"","meta":{"footnotes":""},"class_list":["post-27","page","type-page","status-publish","hentry"],"_links":{"self":[{"href":"https:\/\/deutsch-deutsches-freilandmuseum.de\/index.php?rest_route=\/wp\/v2\/pages\/27","targetHints":{"allow":["GET"]}}],"collection":[{"href":"https:\/\/deutsch-deutsches-freilandmuseum.de\/index.php?rest_route=\/wp\/v2\/pages"}],"about":[{"href":"https:\/\/deutsch-deutsches-freilandmuseum.de\/index.php?rest_route=\/wp\/v2\/types\/page"}],"author":[{"embeddable":true,"href":"https:\/\/deutsch-deutsches-freilandmuseum.de\/index.php?rest_route=\/wp\/v2\/users\/1"}],"replies":[{"embeddable":true,"href":"https:\/\/deutsch-deutsches-freilandmuseum.de\/index.php?rest_route=%2Fwp%2Fv2%2Fcomments&post=27"}],"version-history":[{"count":11,"href":"https:\/\/deutsch-deutsches-freilandmuseum.de\/index.php?rest_route=\/wp\/v2\/pages\/27\/revisions"}],"predecessor-version":[{"id":314,"href":"https:\/\/deutsch-deutsches-freilandmuseum.de\/index.php?rest_route=\/wp\/v2\/pages\/27\/revisions\/314"}],"wp:attachment":[{"href":"https:\/\/deutsch-deutsches-freilandmuseum.de\/index.php?rest_route=%2Fwp%2Fv2%2Fmedia&parent=27"}],"curies":[{"name":"wp","href":"https:\/\/api.w.org\/{rel}","templated":true}]}}