{"id":26,"date":"2013-07-28T15:14:58","date_gmt":"2013-07-28T13:14:58","guid":{"rendered":"http:\/\/deutsch-deutsches-freilandmuseum.de\/?page_id=26"},"modified":"2024-06-04T14:07:13","modified_gmt":"2024-06-04T12:07:13","slug":"erlebnisstrase","status":"publish","type":"page","link":"https:\/\/deutsch-deutsches-freilandmuseum.de\/?page_id=26","title":{"rendered":"Erlebnisstra\u00dfe"},"content":{"rendered":"<p><span style=\"font-size: 12pt;\"><strong>Spurensuche auf der Erlebnisstra\u00dfe der deutschen Einheit<\/strong><\/span><\/p>\n<p><span style=\"text-decoration: underline; font-size: 12pt;\">Erlebnisstra\u00dfe der deutschen Einheit \u2013 Stra\u00dfe der Mahnung und des Gedenkens<\/span><\/p>\n<p><span style=\"font-size: 12pt;\">Die Erlebnisstra\u00dfe der deutschen Einheit gilt als ideeller und symbolischer Beitrag am Vollzug der deutschen Einheit. Sie wurde im Jahr 2004 durch Familie Elke, Andreas und Manuel Erhard ausgearbeitet, gewidmet und feierlich der \u00d6ffentlichkeit \u00fcbergeben.<\/span><\/p>\n<p><span style=\"font-size: 12pt;\"><a href=\"https:\/\/deutsch-deutsches-freilandmuseum.de\/wordpress\/wp-content\/uploads\/Bild-2.jpg\"><img loading=\"lazy\" decoding=\"async\" class=\"size-medium wp-image-92 alignleft\" title=\"Erlebnisstra\u00dfe in S\u00fcdth\u00fcringen\" src=\"https:\/\/deutsch-deutsches-freilandmuseum.de\/wordpress\/wp-content\/uploads\/Bild-2-300x225.jpg\" alt=\"Erlebnisstra\u00dfe in S\u00fcdth\u00fcringen\" width=\"300\" height=\"225\" srcset=\"https:\/\/deutsch-deutsches-freilandmuseum.de\/wordpress\/wp-content\/uploads\/Bild-2-300x225.jpg 300w, https:\/\/deutsch-deutsches-freilandmuseum.de\/wordpress\/wp-content\/uploads\/Bild-2-624x468.jpg 624w, https:\/\/deutsch-deutsches-freilandmuseum.de\/wordpress\/wp-content\/uploads\/Bild-2.jpg 1024w\" sizes=\"auto, (max-width: 300px) 100vw, 300px\" \/><\/a><\/span><\/p>\n<p><span style=\"font-size: 12pt;\">Die feierliche \u00dcbergabe erfolgte unter Teilnahme zahlreicher G\u00e4ste und unter Schirmherrschaft des Th\u00fcringer Kultusministers a.D. Dr. Michael Krapp an der th\u00fcringisch-bayerischen Landesgrenze. Diese touristische Stra\u00dfe soll die einst geteilten Regionen an der ehemaligen innerdeutschen Grenze touristisch, l\u00e4nder\u00fcbergreifend darstellen. Historische Sachzeugnisse der damaligen Grenzziehung werden vorgestellt und erlebbar gemacht. Bedeutsame Kulturlandschaften und Regionen der deutsch-deutschen Geschichte k\u00f6nnen somit gezielt angefahren und vermittelt werden.<b><\/b><\/span><\/p>\n<p><strong><span style=\"font-size: 10pt;\">Erlebnisstra\u00dfe der deutschen Einheit in S\u00fcdth\u00fcringen<\/span><\/strong><\/p>\n<p>&nbsp;<\/p>\n<p><span style=\"font-size: 12pt;\"><a href=\"https:\/\/deutsch-deutsches-freilandmuseum.de\/wordpress\/wp-content\/uploads\/CCI03082013_00000.jpg\"><img loading=\"lazy\" decoding=\"async\" class=\"alignright wp-image-102\" src=\"https:\/\/deutsch-deutsches-freilandmuseum.de\/wordpress\/wp-content\/uploads\/CCI03082013_00000-216x300.jpg\" alt=\"CCI03082013_00000\" width=\"300\" height=\"416\" srcset=\"https:\/\/deutsch-deutsches-freilandmuseum.de\/wordpress\/wp-content\/uploads\/CCI03082013_00000-216x300.jpg 216w, https:\/\/deutsch-deutsches-freilandmuseum.de\/wordpress\/wp-content\/uploads\/CCI03082013_00000-624x864.jpg 624w, https:\/\/deutsch-deutsches-freilandmuseum.de\/wordpress\/wp-content\/uploads\/CCI03082013_00000.jpg 739w\" sizes=\"auto, (max-width: 300px) 100vw, 300px\" \/><\/a>Der Verlauf der Erlebnisstra\u00dfe der deutschen Einheit wurde in das amtliche Kartenwerk aufgenommen und beschrieben. (Zum Eigenstudium und f\u00fcr Reiseplanungen eignen sich besonders die einschl\u00e4gigen Reise- oder Tourenkarten der Kartenverlage) In einzelnen Landkreisen ist bereits eine touristische Beschilderung erfolgt, hierf\u00fcr ist eine gesch\u00fctzte Vorlage (Logo) vorgesehen. Die Erlebnisstra\u00dfe der deutschen Einheit kann auch in Teilrouten durchfahren werden. Der Gesamtverlauf umfasst ca. 1360 Kilometer L\u00e4nge an der fr\u00fcheren innerdeutschen Grenze zuz\u00fcglich Berlin und ehemaliger Transitautobahn.<br \/>\n<\/span><span style=\"font-size: 12pt;\">Die Erlebnisstra\u00dfe der deutschen Einheit f\u00fchrt durch Regionen der ehemaligen innerdeutschen Grenze und durch zehn Bundesl\u00e4nder einschlie\u00dflich Berlin. Neben zahlreichen Grenzdenkmalen sind Grenzmuseen und Mahnst\u00e4tten aufgef\u00fchrt. Bedeutsame Regionen deutsch-deutscher Geschichte sind ebenfalls gekennzeichnet.<\/span><\/p>\n<p style=\"text-align: right;\"><span style=\"font-size: 10pt;\"><strong>\u00dcbersichtskarte zur Erlebnisstra\u00dfe, zum Vergr\u00f6\u00dfern anklicken!<\/strong><\/span><\/p>\n<p>&nbsp;<\/p>\n<p><span style=\"font-size: 12pt;\">Die aufgef\u00fchrten Grenzmuseen und Grenzdenkmale haben unterschiedliche \u00d6ffnungszeiten. Bitte beachten Sie, dass einzelne Denkmalanlagen auch im Privatbesitz sein k\u00f6nnen.<\/span><\/p>\n<p><span style=\"font-size: 12pt;\">Zur Erlebnisstra\u00dfe der deutschen Einheit, deren Entstehungsgeschichte sowie dem Streckenverlauf ist eine digitale Dokumentation erschienen. Wissenswertes zur deutschen Teilungsgeschichte, ausgew\u00e4hlte Literatur sowie weitere Informationen zur vorbezeichneten Dokumentation finden sich innerhalb des Netzwerkes Denkmalforschung -Literaturportal-<\/span><\/p>\n<p><span style=\"font-size: 12pt;\"><a href=\"http:\/\/www.grenzdenkmale.de\/\">www.grenzdenkmale.de<\/a><\/span><\/p>\n<p><span style=\"font-size: 12pt;\">Die Tr\u00e4gerschaft \u00fcber die Erlebnisstra\u00dfe der deutschen Einheit liegt beim Deutschen Kuratorium zur F\u00f6rderung von Wissenschaft, Bildung und Kultur e.V. Hier werden auch die Rechte am Logo, Vorlage f\u00fcr Hinweisschilder u.a. verwaltet.<\/span><\/p>\n<p><span style=\"font-size: 12pt;\"><a href=\"http:\/\/www.deutsches-kuratorium.de\/\">www.deutsches-kuratorium.de<\/a><\/span><\/p>\n","protected":false},"excerpt":{"rendered":"<p>Spurensuche auf der Erlebnisstra\u00dfe der deutschen Einheit Erlebnisstra\u00dfe der deutschen Einheit \u2013 Stra\u00dfe der Mahnung und des Gedenkens Die Erlebnisstra\u00dfe der deutschen Einheit gilt als ideeller und symbolischer Beitrag am Vollzug der deutschen Einheit. Sie wurde im Jahr 2004 durch <a class=\"more-link\" href=\"https:\/\/deutsch-deutsches-freilandmuseum.de\/?page_id=26\">Weiterlesen\u00a0\u2026<\/a><\/p>\n","protected":false},"author":1,"featured_media":0,"parent":0,"menu_order":0,"comment_status":"closed","ping_status":"closed","template":"","meta":{"footnotes":""},"class_list":["post-26","page","type-page","status-publish","hentry"],"_links":{"self":[{"href":"https:\/\/deutsch-deutsches-freilandmuseum.de\/index.php?rest_route=\/wp\/v2\/pages\/26","targetHints":{"allow":["GET"]}}],"collection":[{"href":"https:\/\/deutsch-deutsches-freilandmuseum.de\/index.php?rest_route=\/wp\/v2\/pages"}],"about":[{"href":"https:\/\/deutsch-deutsches-freilandmuseum.de\/index.php?rest_route=\/wp\/v2\/types\/page"}],"author":[{"embeddable":true,"href":"https:\/\/deutsch-deutsches-freilandmuseum.de\/index.php?rest_route=\/wp\/v2\/users\/1"}],"replies":[{"embeddable":true,"href":"https:\/\/deutsch-deutsches-freilandmuseum.de\/index.php?rest_route=%2Fwp%2Fv2%2Fcomments&post=26"}],"version-history":[{"count":19,"href":"https:\/\/deutsch-deutsches-freilandmuseum.de\/index.php?rest_route=\/wp\/v2\/pages\/26\/revisions"}],"predecessor-version":[{"id":285,"href":"https:\/\/deutsch-deutsches-freilandmuseum.de\/index.php?rest_route=\/wp\/v2\/pages\/26\/revisions\/285"}],"wp:attachment":[{"href":"https:\/\/deutsch-deutsches-freilandmuseum.de\/index.php?rest_route=%2Fwp%2Fv2%2Fmedia&parent=26"}],"curies":[{"name":"wp","href":"https:\/\/api.w.org\/{rel}","templated":true}]}}