{"id":25,"date":"2013-07-28T15:14:45","date_gmt":"2013-07-28T13:14:45","guid":{"rendered":"http:\/\/deutsch-deutsches-freilandmuseum.de\/?page_id=25"},"modified":"2024-06-04T13:59:28","modified_gmt":"2024-06-04T11:59:28","slug":"drei-landkreis-fahrt","status":"publish","type":"page","link":"https:\/\/deutsch-deutsches-freilandmuseum.de\/?page_id=25","title":{"rendered":"Drei-Landkreis-Fahrt"},"content":{"rendered":"<p><span style=\"font-size: 12pt;\"><strong>Drei-Landkreis-Fahrt zu den Schaupl\u00e4tzen des Kalten Krieges<\/strong><\/span><\/p>\n<p><span style=\"font-size: 12pt;\">Gerade die th\u00fcringische und bayerische Grabfeldregion er\u00f6ffnet dem Besucher noch heute tiefe Einblicke in die Zeit der deutschen Teilung und des Kalten Krieges in Europa. In dieser einmaligen und klimatisch beg\u00fcnstigten Mittelgebirgslandschaft sind noch zahlreiche bauliche Zeugnisse der einstigen Ost-West-Konfrontation erhalten geblieben. Diese zumeist denkmalgesch\u00fctzten Objekte stehen heute fast ausschlie\u00dflich unter der Tr\u00e4gerschaft des Deutschen Kuratoriums e.V.<\/span><\/p>\n<p><span style=\"font-size: 12pt;\"><a href=\"https:\/\/deutsch-deutsches-freilandmuseum.de\/wordpress\/wp-content\/uploads\/PICT7168.jpg\"><img loading=\"lazy\" decoding=\"async\" class=\"size-medium wp-image-81 alignleft\" title=\"Dreilandkreisfahrt\" src=\"https:\/\/deutsch-deutsches-freilandmuseum.de\/wordpress\/wp-content\/uploads\/PICT7168-300x225.jpg\" alt=\"Dreilandkreisfahrt\" width=\"300\" height=\"225\" srcset=\"https:\/\/deutsch-deutsches-freilandmuseum.de\/wordpress\/wp-content\/uploads\/PICT7168-300x225.jpg 300w, https:\/\/deutsch-deutsches-freilandmuseum.de\/wordpress\/wp-content\/uploads\/PICT7168-624x468.jpg 624w, https:\/\/deutsch-deutsches-freilandmuseum.de\/wordpress\/wp-content\/uploads\/PICT7168.jpg 1024w\" sizes=\"auto, (max-width: 300px) 100vw, 300px\" \/><\/a><\/span><\/p>\n<p><span style=\"font-size: 12pt;\">F\u00fcr Gruppen gibt es daher die M\u00f6glichkeit, das Areal des Deutsch-deutschen Freilandmuseums mit Mahn- und Gedenkst\u00e4tte sowie weiter per Reisebus auf Spurensuche \u00fcber die Erlebnisstra\u00dfe der deutschen Einheit von Bayern aus, ab dem Landkreis Rh\u00f6n-Grabfeld nach Th\u00fcringen, in den Landkreis Schmalkalden-Meiningen und weiter durch das th\u00fcringische und bayerische Grabfeld in den Landkreis Hildburghausen in Th\u00fcringen zu fahren. Der Reisef\u00fchrer wird hierbei auch auf die zahlreichen Facetten dieser Grenzregion eingehen.<\/span><\/p>\n<p><strong><span style=\"font-size: 10pt;\">Drei-Landkreis-Fahrt, hier am Grenzdenkmal Gompertshausen<\/span><\/strong><\/p>\n<p><span style=\"text-decoration: underline; font-size: 12pt;\">Station 1<\/span><\/p>\n<p><span style=\"font-size: 12pt;\"><strong>Ehemalige Grenzinformationsstelle in Rappershausen\/Bayern (im fr\u00fcheren Rathaus)<\/strong><\/span><\/p>\n<ul>\n<li><span style=\"font-size: 12pt;\">Begr\u00fc\u00dfung der Teilnehmer durch den Reiseleiter<\/span><\/li>\n<li><span style=\"font-size: 12pt;\">Einf\u00fchrungen zum Grenzverlauf und zur Geschichte der bayerischen Landesgrenze<\/span><\/li>\n<li><span style=\"font-size: 12pt;\">Abkl\u00e4ren von Fragen und W\u00fcnschen<\/span><\/li>\n<li><span style=\"font-size: 12pt;\">Information zum Reiseverlauf<\/span><\/li>\n<\/ul>\n<p><span style=\"font-size: 12pt;\">Weiterfahrt mit dem Reisebus auf der Erlebnisstra\u00dfe der deutschen Einheit zur Mahn- und Gedenkst\u00e4tte bei Behrungen\/Th\u00fcringen<\/span><\/p>\n<p><span style=\"text-decoration: underline; font-size: 12pt;\">Station 2<\/span><\/p>\n<p><span style=\"font-size: 12pt;\"><strong>Mahn- und Gedenkst\u00e4tte bei Behrungen\/Th\u00fcringen (Teilbereich des Deutsch-deutschen Freilandmuseums)<\/strong><\/span><\/p>\n<ul>\n<li><span style=\"font-size: 12pt;\">Historische F\u00fchrung durch die denkmalgesch\u00fctzten Grenzanlagen<\/span><\/li>\n<li><span style=\"font-size: 12pt;\">Besichtigung der kompletten Grenzstaffelung der ehemaligen DDR<\/span><\/li>\n<li><span style=\"font-size: 12pt;\">Erl\u00e4uterungen und Erkl\u00e4rungen zur bundesdeutschen Landesgrenze an einem Informationspunkt<\/span><\/li>\n<li><span style=\"font-size: 12pt;\">Besichtigung des Grenzturmes sowie der geschichtlichen Ausstellung im Innenbereich<\/span><\/li>\n<\/ul>\n<p><span style=\"font-size: 12pt;\">M\u00f6glichkeit einer Pause<\/span><\/p>\n<p><span style=\"font-size: 12pt;\">Im Areal der Mahn- und Gedenkst\u00e4tte bei Behrungen befindet sich die Gruppe nun an der Schnittstelle der Landkreise Rh\u00f6n-Grabfeld\/Bayern zu Schmalkalden-Meiningen und Hildburghausen\/Th\u00fcringen.<\/span><\/p>\n<p><span style=\"font-size: 12pt;\">Weiterfahrt in das Heldburger Unterland im Landkreis Hildburghausen<\/span><\/p>\n<p><span style=\"text-decoration: underline; font-size: 12pt;\">Station 3<\/span><\/p>\n<p><span style=\"font-size: 12pt;\"><strong>Grenzturmdenkmal mit F\u00fchrungsbunker bei Gompertshausen\/Th\u00fcringen<\/strong><\/span><\/p>\n<p><span style=\"font-size: 12pt;\">Hier werden tiefe Einblicke in den Alltag an der Grenze sowie der Aufgabenstellung der DDR-Grenztruppen vermittelt.<\/span><\/p>\n<ul>\n<li><span style=\"font-size: 12pt;\">F\u00fchrung durch den denkmalgesch\u00fctzten Grenzturm mit Erl\u00e4uterungen zur fr\u00fcheren F\u00fchrungsstelle<\/span><\/li>\n<li><span style=\"font-size: 12pt;\">Erkl\u00e4rungen zum ehemaligen Grenzabschnitt 46<\/span><\/li>\n<li><span style=\"font-size: 12pt;\">Besichtigung des F\u00fchrungsbunkers mit Erl\u00e4uterungen zu den Ausstellungsst\u00fccken<\/span><\/li>\n<li><span style=\"font-size: 12pt;\">Hinweise zur arch\u00e4ologischen Besonderheit des Gel\u00e4ndes<\/span><\/li>\n<\/ul>\n<p><span style=\"font-size: 12pt;\">Wahlweise ist nun eine Besichtigung des arch\u00e4ologischen Grenzdenkmals bei Schweickershausen m\u00f6glich.<\/span><\/p>\n<p><span style=\"font-size: 12pt;\">Abschluss der Drei-Landkreis-Fahrt<\/span><\/p>\n<p><span style=\"font-size: 12pt;\">R\u00fcckfahrt zum Ausgangspunkt nach Rappershausen\/Bayern, alternativ \u00fcber Bad K\u00f6nigshofen oder entlang der th\u00fcringisch-bayerischen Landesgrenze.<\/span><\/p>\n<p><span style=\"font-size: 12pt;\">Gesamtdauer : Ca. drei bis vier Stunden, Organisatorisches sowie Kosten und Reisetermine auf Anfrage. Siehe -&gt;\u00a0<a title=\"Besucherservice\" href=\"https:\/\/deutsch-deutsches-freilandmuseum.de\/?page_id=27\"><em>Besucherservice<\/em><\/a><\/span><\/p>\n<p><span style=\"font-size: 12pt;\">M\u00f6glichkeiten zum Mittagessen oder Besichtigung von weiteren Sehensw\u00fcrdigkeiten<\/span><\/p>\n","protected":false},"excerpt":{"rendered":"<p>Drei-Landkreis-Fahrt zu den Schaupl\u00e4tzen des Kalten Krieges Gerade die th\u00fcringische und bayerische Grabfeldregion er\u00f6ffnet dem Besucher noch heute tiefe Einblicke in die Zeit der deutschen Teilung und des Kalten Krieges in Europa. In dieser einmaligen und klimatisch beg\u00fcnstigten Mittelgebirgslandschaft sind <a class=\"more-link\" href=\"https:\/\/deutsch-deutsches-freilandmuseum.de\/?page_id=25\">Weiterlesen\u00a0\u2026<\/a><\/p>\n","protected":false},"author":1,"featured_media":0,"parent":0,"menu_order":0,"comment_status":"closed","ping_status":"closed","template":"","meta":{"footnotes":""},"class_list":["post-25","page","type-page","status-publish","hentry"],"_links":{"self":[{"href":"https:\/\/deutsch-deutsches-freilandmuseum.de\/index.php?rest_route=\/wp\/v2\/pages\/25","targetHints":{"allow":["GET"]}}],"collection":[{"href":"https:\/\/deutsch-deutsches-freilandmuseum.de\/index.php?rest_route=\/wp\/v2\/pages"}],"about":[{"href":"https:\/\/deutsch-deutsches-freilandmuseum.de\/index.php?rest_route=\/wp\/v2\/types\/page"}],"author":[{"embeddable":true,"href":"https:\/\/deutsch-deutsches-freilandmuseum.de\/index.php?rest_route=\/wp\/v2\/users\/1"}],"replies":[{"embeddable":true,"href":"https:\/\/deutsch-deutsches-freilandmuseum.de\/index.php?rest_route=%2Fwp%2Fv2%2Fcomments&post=25"}],"version-history":[{"count":20,"href":"https:\/\/deutsch-deutsches-freilandmuseum.de\/index.php?rest_route=\/wp\/v2\/pages\/25\/revisions"}],"predecessor-version":[{"id":284,"href":"https:\/\/deutsch-deutsches-freilandmuseum.de\/index.php?rest_route=\/wp\/v2\/pages\/25\/revisions\/284"}],"wp:attachment":[{"href":"https:\/\/deutsch-deutsches-freilandmuseum.de\/index.php?rest_route=%2Fwp%2Fv2%2Fmedia&parent=25"}],"curies":[{"name":"wp","href":"https:\/\/api.w.org\/{rel}","templated":true}]}}