{"id":23,"date":"2013-07-28T15:14:09","date_gmt":"2013-07-28T13:14:09","guid":{"rendered":"http:\/\/deutsch-deutsches-freilandmuseum.de\/?page_id=23"},"modified":"2024-06-05T07:16:51","modified_gmt":"2024-06-05T05:16:51","slug":"freilandmuseum","status":"publish","type":"page","link":"https:\/\/deutsch-deutsches-freilandmuseum.de\/?page_id=23","title":{"rendered":"Freilandmuseum"},"content":{"rendered":"<p><span style=\"font-size: 12pt;\"><strong>Deutsch-deutsches Freilandmuseum\u00a0 mit Mahn- und Gedenkst\u00e4tte zur deutschen Teilung<\/strong><\/span><\/p>\n<p><span style=\"font-size: 12pt;\">Das Deutsch-deutsche Freilandmuseum ist im Jahr 2003 unter Teilnahme zahlreicher ideeller Partner an der th\u00fcringisch-bayerischen Landesgrenze gegr\u00fcndet worden. Kernbereich des Freilandmuseums sind die im Jahr 1999\/2000 entstandene Mahn- und Gedenkst\u00e4tte bei Behrungen\/Th\u00fcringen und eine fr\u00fchere Grenzinformationsstelle mit Aussichtsturm in Rappershausen\/Bayern. Alle Teilbereiche des Freilandmuseums liegen im ehemaligen Grenzabschnitt 44.<\/span><\/p>\n<h1><span style=\"font-size: 12pt;\"><a href=\"https:\/\/deutsch-deutsches-freilandmuseum.de\/wordpress\/wp-content\/uploads\/BTurm_Logo.jpg\"><img loading=\"lazy\" decoding=\"async\" class=\"size-medium wp-image-48 alignleft\" title=\"Logo Freilandmuseum\" src=\"https:\/\/deutsch-deutsches-freilandmuseum.de\/wordpress\/wp-content\/uploads\/BTurm_Logo-180x300.jpg\" alt=\"Logo Freilandmuseum\" width=\"180\" height=\"300\" srcset=\"https:\/\/deutsch-deutsches-freilandmuseum.de\/wordpress\/wp-content\/uploads\/BTurm_Logo-180x300.jpg 180w, https:\/\/deutsch-deutsches-freilandmuseum.de\/wordpress\/wp-content\/uploads\/BTurm_Logo-617x1024.jpg 617w, https:\/\/deutsch-deutsches-freilandmuseum.de\/wordpress\/wp-content\/uploads\/BTurm_Logo-624x1035.jpg 624w, https:\/\/deutsch-deutsches-freilandmuseum.de\/wordpress\/wp-content\/uploads\/BTurm_Logo.jpg 932w\" sizes=\"auto, (max-width: 180px) 100vw, 180px\" \/><\/a><\/span><\/h1>\n<p>&nbsp;<\/p>\n<p><span style=\"font-size: 12pt;\">Die Ortschaften Behrungen und Berkach in Th\u00fcringen sowie Rappershausen in Bayern fungieren als Denkmalorte des Freilandmuseums.<br \/>\n<\/span><span style=\"font-size: 12pt;\">Die Idee und Realisierung des Deutsch-deutschen Freilandmuseums geht auf das private Engagement der Familie Elke, Andreas und Manuel Erhard zur\u00fcck, diese betreuen bis heute die musealen Anlagen. Die Anlage der Mahn- und Gedenkst\u00e4tte umfasst die komplette Grenzstaffelung der ehemaligen DDR. Zahlreiche staatliche Schutzstellungen als Baudenkmalensemble sowie arch\u00e4ologisches Bodendenkmal sind seither ausgesprochen worden. Das ausdr\u00fcckliche Anliegen der privaten Initiatoren ist es, die Grenzsituation m\u00f6glichst authentisch zu vermitteln. <\/span><\/p>\n<p>&nbsp;<\/p>\n<p><span style=\"font-size: 12pt;\">Da es zur Zeit der deutschen Teilung keinerlei Gesch\u00e4ftsbetrieb an der Grenze auf DDR-Gebiet gab, sind im gesamten Areal des Freilandmuseums keine Zusatzangebote wie z.B. Cafeteria, Eisstand, Souvenirverkauf u.a. zu finden. Um gewissenhaft und korrekt mit der Teilungsgeschichte, besonders auf dem DDR-Gebiet umzugehen, ist die Ausstellung im Innenbereich des Grenzturmes ebenfalls eher schlicht eingerichtet. Die N\u00fcchternheit sowie die milit\u00e4rische Bedrohlichkeit soll hierbei den Betrachter erreichen.<\/span><\/p>\n<p><span style=\"font-size: 12pt;\">Die angebotenen historischen F\u00fchrungen gleichen daher auch in erster Linie einer Zeitreise in die 1970er und 1980er Jahre. Das Deutsch-deutsche Freilandmuseum liegt am Streckenverlauf der Erlebnisstra\u00dfe der deutschen Einheit, die denkmalgesch\u00fctzte Museumsanlage ist mit dem Fahrzeug gut zu erreichen. Der Au\u00dfenbereich des Freilandmuseums kann jederzeit besichtigt werden. Die einzelnen Stationen sind beschildert.<\/span><\/p>\n<p><span style=\"font-size: 12pt;\">Historische F\u00fchrungen sind mit Voranmeldung jederzeit m\u00f6glich. Teilnehmerzahl, Dauer, Preis f\u00fcr die F\u00fchrung oder Fragen&#8230;<\/span><\/p>\n<p><span style=\"font-size: 12pt;\">&#8211;&gt; Siehe: <a title=\"Besucherservice\" href=\"https:\/\/deutsch-deutsches-freilandmuseum.de\/?page_id=27\"><em>Besucherservice<\/em><\/a><\/span><\/p>\n<p><span style=\"font-size: 12pt;\">Im Areal der Mahn- und Gedenkst\u00e4tte bei Behrungen\/Th\u00fcringen finden sich folgende Besichtigungspunkte:<\/span><\/p>\n<p><span style=\"text-decoration: underline; font-size: 12pt;\">Grenzturm, ehemalige F\u00fchrungsstelle<\/span><\/p>\n<p><span style=\"font-size: 12pt;\"><a href=\"https:\/\/deutsch-deutsches-freilandmuseum.de\/wordpress\/wp-content\/uploads\/PICT7215.jpg\"><img loading=\"lazy\" decoding=\"async\" class=\"size-medium wp-image-54 alignleft\" title=\"F\u00fchrungsstelle\" src=\"https:\/\/deutsch-deutsches-freilandmuseum.de\/wordpress\/wp-content\/uploads\/PICT7215-300x225.jpg\" alt=\"F\u00fchrungsstelle\" width=\"300\" height=\"225\" srcset=\"https:\/\/deutsch-deutsches-freilandmuseum.de\/wordpress\/wp-content\/uploads\/PICT7215-300x225.jpg 300w, https:\/\/deutsch-deutsches-freilandmuseum.de\/wordpress\/wp-content\/uploads\/PICT7215-624x468.jpg 624w, https:\/\/deutsch-deutsches-freilandmuseum.de\/wordpress\/wp-content\/uploads\/PICT7215.jpg 1024w\" sizes=\"auto, (max-width: 300px) 100vw, 300px\" \/><\/a>Der von weitem sichtbare Anziehungspunkt des Mahnmals ist der ehemalige Grenzturm mit Kommandeurf\u00fchrungsstelle. Der ca. 10 Meter hohe Betonplattenbau mit begehbarer Aussichtsplattform wurde 1978 erbaut und war Teil der DDR-Grenzsicherung im Grenzabschnitt 44 -Sicherungsabschnitt Hammelbad. Nachdem der Turm in den 1990er Jahren fast in Vergessenheit zu geraden drohte, wurde er 1999 wiederentdeckt.<\/span><\/p>\n<p>&nbsp;<\/p>\n<p><span style=\"font-size: 10pt;\"><strong>F\u00fchrungsstelle im Deutsch-deutschen Freilandmuseum<\/strong><\/span><\/p>\n<p>&nbsp;<\/p>\n<p><span style=\"font-size: 12pt;\">Heute ist der Grenzturm im Rahmen des Deutsch-deutschen Freilandmuseums Besuchermagnet und Dokumentationsstelle mit geschichtlicher Ausstellung zum fr\u00fcheren Grenzabschnitt. Eine Vielzahl von Originalexponaten konnte gesichert und im Rahmen der Ausstellung eingebracht werden. Der Innenbereich des Grenzturmes mit Ausstellung ist nur in Verbindung mit einer historischen F\u00fchrung f\u00fcr Besucher zug\u00e4nglich.<\/span><\/p>\n<h6><\/h6>\n<p>&nbsp;<\/p>\n<p><span style=\"text-decoration: underline; font-size: 12pt;\">Schutzstreifen, Grenzsignal- und Sperrzaun mit Tor Nr. 21<\/span><\/p>\n<p><span style=\"font-size: 12pt;\">Ungef\u00e4hr 300 Meter entfernt, in Richtung zur Ortschaft Behrungen, konnte ein 30 Meter langer Teil des ehemaligen Grenzsignal- und Sperrzaunes im Original erhalten werden. Die Zaunanlage, welche einst elektrisch geladen war, ist ca. 2 Meter hoch und mit Metallabweisern und Stacheldraht versehen. Betongitter im Boden sind ebenfalls vorhanden. Ein, in unmittelbarer N\u00e4he liegendes Feuchtbiotop wurde erweitert und beheimatet bereits eine gro\u00dfe pflanzliche und tierische Artenvielfalt.<\/span><\/p>\n<p><span style=\"font-size: 12pt;\">In der N\u00e4he zum Kolonnenweg findet sich noch das fr\u00fchere Durchlasstor Nr. 21 mit diversen Schaltanlagen und einer Anschlusss\u00e4ule zum Grenzmeldenetz. Eine Drahtseilsperre zeigt die Wirkungsweise der umf\u00e4nglichen Sicherungsmechanismen der Zaun- und Toranlage.<\/span><\/p>\n<p><span style=\"font-size: 12pt;\">F\u00fcr Besucher steht hier, im Eingangsbereich des Freilandmuseums, ein Informationspunkt mit Erkl\u00e4rungen und Erl\u00e4uterungen zur Verf\u00fcgung.<\/span><\/p>\n<p><span style=\"text-decoration: underline; font-size: 12pt;\">Ehemalige Staatsgrenze der DDR<\/span><\/p>\n<p><span style=\"font-size: 12pt;\">Keine 200 Meter vom Grenzturm, dem Kolonnenweg entlang in Richtung Bayern, konnten Teile der ehemaligen Staatsgrenze der DDR erhalten werden. Neben dem Fahrweg aus Betonplatten, dem 6 Meter breiten Spurensicherungsstreifen und dem Kfz-Sperrgraben, welcher mit Betonplatten ausgelegt ist, sind auch Teile der Zaunanlage stehen geblieben. Das fr\u00fchere ca. 23 Meter breite Minenfeld sowie der Gel\u00e4ndestreifen des vorgelagerten Hoheitsgebietes der DDR sind gut nachvollziehbar. Markant erscheint hier eine schwarz-rot-gelbe DDR-Grenzs\u00e4ule, diese symbolisierte ehemals den Verlauf der DDR-Staatsgrenze. Nur noch wenige Schritte trennen nun den Besucher von der einstigen Grenzlinie zwischen der Bundesrepublik Deutschland und der Deutschen Demokratischen Republik (heute Th\u00fcringen). Hier finden sich auch historische Grenzsteine sowie Farb- und Kunststoffmarkierungen zum ehemaligen deutsch-deutschen Grenzverlauf.<\/span><\/p>\n<p><span style=\"text-decoration: underline; font-size: 12pt;\">Bayerische Landesgrenze mit Informationspunkt<\/span><\/p>\n<p><span style=\"font-size: 12pt;\"><a href=\"https:\/\/deutsch-deutsches-freilandmuseum.de\/wordpress\/wp-content\/uploads\/PICT7206.jpg\"><img loading=\"lazy\" decoding=\"async\" class=\"size-medium wp-image-57 alignright\" title=\"Bayerische Landesgrenze\" src=\"https:\/\/deutsch-deutsches-freilandmuseum.de\/wordpress\/wp-content\/uploads\/PICT7206-300x225.jpg\" alt=\"Bayerische Landesgrenze\" width=\"300\" height=\"225\" srcset=\"https:\/\/deutsch-deutsches-freilandmuseum.de\/wordpress\/wp-content\/uploads\/PICT7206-300x225.jpg 300w, https:\/\/deutsch-deutsches-freilandmuseum.de\/wordpress\/wp-content\/uploads\/PICT7206-624x468.jpg 624w, https:\/\/deutsch-deutsches-freilandmuseum.de\/wordpress\/wp-content\/uploads\/PICT7206.jpg 1024w\" sizes=\"auto, (max-width: 300px) 100vw, 300px\" \/><\/a>Auf der bayerischen Seite vermittelt ein Grenzinformationspunkt den Besuchern tiefe Einblicke in die Zeit des Kalten Krieges in Deutschland. Der\u00a0 Informationspunkt ist mit Hinweistafeln der Bayerischen Grenzpolizei sowie einer schematischen Darstellung der DDR-Grenzsperranlagen ausgestattet. Erkl\u00e4rungen des Bundesgrenzschutzes z.B. zum vermeintlichen \u201eNiemandsland\u201c runden das zeithistorische Ensemble ab. So wurden zur Teilungszeit zahlreiche Besuchergruppen vom Zollgrenzdienst, dem Bundesgrenzschutz oder der Bayerischen Grenzpolizei an diese Informationspunkte gef\u00fchrt.<\/span><\/p>\n<p style=\"text-align: right;\"><span style=\"font-size: 10pt;\"><strong>Bayerische Landesgrenze, Infopunkt<\/strong><\/span><\/p>\n<p>&nbsp;<\/p>\n<p><span style=\"font-size: 12pt;\">Die sachkundigen Ausf\u00fchrungen \u00fcber das Sperrsystem der DDR standen hierbei immer an erster Stelle. Gerade dieser unverwechselbare Blick vom sprichw\u00f6rtlichen \u201eEnde der Welt\u201c auf die ausgekl\u00fcgelten Grenzsperranlagen der DDR sitzt auch heute noch tief in den Grenzerfahrungen und Erinnerungen zahlreicher Besucher.<\/span><\/p>\n<h6 style=\"text-align: right;\"><\/h6>\n<p><span style=\"text-decoration: underline; font-size: 12pt;\">Erdbunker der DDR-Grenztruppen<\/span><\/p>\n<p><span style=\"font-size: 12pt;\">Nicht weit vom Grenzturm entfernt, in s\u00fcdwestlicher Richtung steht der Nachbau eines in den 1960er Jahren erbauten Erdbunkers. Der Originalbunker war seit 1993 verschollen und wurde nach l\u00e4ngeren Vermitteln des Grenzlandfonds im Jahr 2000 r\u00fcckgef\u00fchrt sowie teilweise mit Originalteilen und mit neuer Betonfertigung wieder errichtet. Anschlussteile des Grenzmeldenetzes wurden mit eingef\u00fcgt.<\/span><\/p>\n<p><span style=\"font-size: 12pt;\">Bei dem Bunker handelt es sich um einen Einmannbunker, der auch f\u00fcr den Verteidigungsfall vorgesehen war.<\/span><\/p>\n<p><span style=\"text-decoration: underline; font-size: 12pt;\">Fr\u00fchere Grenzinformationsstelle in Rappershausen\/Bayern<\/span><\/p>\n<p><span style=\"font-size: 12pt;\"><a href=\"https:\/\/deutsch-deutsches-freilandmuseum.de\/wordpress\/wp-content\/uploads\/PICT7158.jpg\"><img loading=\"lazy\" decoding=\"async\" class=\"size-medium wp-image-60 alignleft\" title=\"Grenzinformationsstelle\" src=\"https:\/\/deutsch-deutsches-freilandmuseum.de\/wordpress\/wp-content\/uploads\/PICT7158-300x225.jpg\" alt=\"Grenzinformationsstelle\" width=\"300\" height=\"225\" srcset=\"https:\/\/deutsch-deutsches-freilandmuseum.de\/wordpress\/wp-content\/uploads\/PICT7158-300x225.jpg 300w, https:\/\/deutsch-deutsches-freilandmuseum.de\/wordpress\/wp-content\/uploads\/PICT7158-624x468.jpg 624w, https:\/\/deutsch-deutsches-freilandmuseum.de\/wordpress\/wp-content\/uploads\/PICT7158.jpg 1024w\" sizes=\"auto, (max-width: 300px) 100vw, 300px\" \/><\/a><\/span><\/p>\n<p><span style=\"font-size: 12pt;\">Zu den umf\u00e4nglichen Informationsm\u00f6glichkeiten, entlang der westlichen Landesgrenze geh\u00f6rten auch die sogenannten Grenzinformationsstellen. Meistens waren das R\u00e4umlichkeiten, welche mit zahlreichen Exponaten und Modellen zur Grenzsituation ausgestattet waren. Im kleinen Ort Rappershausen, unweit der ehemaligen deutsch-deutschen Grenzlinie ist eine solche historische Informationsstelle \u00fcber die Wendejahre hinweg erhalten geblieben. Die Informationsstelle befindet sich im fr\u00fcheren Rathaus von Rappershausen und kann im Rahmen des Freilandmuseums besichtigt werden.<\/span><\/p>\n<p><span style=\"font-size: 10pt;\"><strong>Grenzinformationsstelle Rappershausen<\/strong><\/span><\/p>\n<p>&nbsp;<\/p>\n<p><span style=\"text-decoration: underline; font-size: 12pt;\">Grenzaussichtsturm Rappershausen\/Bayern<\/span><\/p>\n<p><span style=\"font-size: 12pt;\">Der Aussichtsturm oberhalb von Rappershausen z\u00e4hlt bereits als Landmarke der Grabfeldregion. In der Doppelfunktion als Wasser-Hochbeh\u00e4lter und sp\u00e4ter f\u00fcr den \u201eBlick nach Dr\u00fcben\u201c in die Zone konzipiert, hat der Besucher einen weiten Ausblick auf das bayerische und th\u00fcringische Grabfeld. Im Rahmen des Freilandmuseums kann der Aussichtsturm besichtigt werden.<\/span><\/p>\n<p><span style=\"text-decoration: underline; font-size: 12pt;\">F\u00fchrungen und gef\u00fchrte Exkursionen<\/span><\/p>\n<p><span style=\"font-size: 12pt;\">F\u00fchrungen im Areal des Deutsch-deutschen Freilandmuseums finden in erster Linie im Gel\u00e4ndestreifen der Mahn- und Gedenkst\u00e4tte bei Behrungen\/Th\u00fcringen statt.<\/span><\/p>\n<p><span style=\"font-size: 12pt;\"><a href=\"https:\/\/deutsch-deutsches-freilandmuseum.de\/wordpress\/wp-content\/uploads\/ausgangspunkt_bayern.gif\"><img loading=\"lazy\" decoding=\"async\" class=\"size-medium wp-image-65 alignleft\" title=\"Karte GA 44\" src=\"https:\/\/deutsch-deutsches-freilandmuseum.de\/wordpress\/wp-content\/uploads\/ausgangspunkt_bayern-300x277.gif\" alt=\"Karte GA 44\" width=\"300\" height=\"277\" \/><\/a>Es gibt auch die M\u00f6glichkeit von erweiterten F\u00fchrungen, z.B. mit der Besichtung der bayerischen Landesgrenze, der Grenzinformationsstelle oder dem Grenzaussichtsturm in Rappershausen\/Bayern. Auch ein ca. einst\u00fcndiger Fu\u00dfmarsch durch den Grenzabschnitt 44 mit mannigfaltigen Einblicken zur Flora und Fauna dieser geschichtstr\u00e4chtigen Kulturlandschaft kann durchgef\u00fchrt werden.<\/span><\/p>\n<p><span style=\"font-size: 12pt;\">Eine Voranmeldung mit Terminvereinbarung ist f\u00fcr alle Alternativen der F\u00fchrungen und Exkursionen erforderlich!\u00a0\u00a0\u00a0<b>\u00a0\u00a0<\/b><\/span><\/p>\n<p>&nbsp;<\/p>\n<p><span style=\"font-size: 12pt;\">Die zeithistorischen Anlagen auf dem Gebiet der ehemaligen DDR und der bayerischen Landesgrenze k\u00f6nnen auch in eigener Regie erforscht und besichtigt werden. Ein Denkmalschutz- und Naturlehrweg f\u00fchrt hier durch Teile des Grenzabschnittes 44.<\/span><\/p>\n<p><span style=\"font-size: 12pt;\">Fragen zur Dauer der F\u00fchrung, Teilnehmerzahl, Terminauswahl, Anreise sowie weitere Informationen &#8211;&gt; Siehe <a title=\"Besucherservice\" href=\"https:\/\/deutsch-deutsches-freilandmuseum.de\/?page_id=27\"><em>Besucherservice<\/em><\/a><\/span><\/p>\n<p><span style=\"text-decoration: underline; font-size: 12pt;\">Verpflegung\/Souvenirverkauf\/\u00dcbernachtungsm\u00f6glichkeiten<\/span><\/p>\n<p><span style=\"font-size: 12pt;\">Wie von den privaten Initiatoren des Deutsch-deutschen Freilandmuseums vorgegeben wird innerhalb der historischen und denkmalgesch\u00fctzten Grenzanlagen keinerlei Gesch\u00e4ftsbetrieb get\u00e4tigt. Das hei\u00dft im Areal der Mahn- und Gedenkst\u00e4tte bei Behrungen befindet sich keine Cafeteria, Eisstand, Getr\u00e4nkeautomat oder Grill-\/Picknickplatz. Auch Souvenirs oder Andenken k\u00f6nnen hier nicht erworben werden. Auch wurde ausdr\u00fccklich auf Werbeschilder und PR-Banner verzichtet.<\/span><\/p>\n<p><span style=\"font-size: 12pt;\">Nat\u00fcrlich muss bei einem Besuch der Freilandmuseumsanlage keiner verhungern oder gar Durst leiden!<\/span><\/p>\n<p><span style=\"font-size: 12pt;\">In den n\u00e4heren Ortschaften zum Deutsch-deutschen Freilandmuseum befinden sich zahlreiche Gastst\u00e4tten, Einkaufcenter, Caf\u00e9s, Hotels sowie M\u00f6glichkeiten zum Erwerb von Andenken oder Reiseproviant.<\/span><\/p>\n<p><span style=\"font-size: 12pt;\">Bitte teilen Se uns Ihre W\u00fcnsche mit &#8211;&gt; Siehe <a title=\"Besucherservice\" href=\"https:\/\/deutsch-deutsches-freilandmuseum.de\/?page_id=27\"><em>Besucherservice<\/em><\/a><\/span><\/p>\n<p><span style=\"text-decoration: underline; font-size: 12pt;\">Angebot f\u00fcr Historiker, Forscher und Interessenten<\/span><\/p>\n<p><span style=\"font-size: 12pt;\">Die angebotenen F\u00fchrungen und Exkursionen in Areal des Deutsch-deutschen Freilandmuseums und der Mahn- und Gedenkst\u00e4tte erfolgen durchweg in der Kernzone der denkmalgesch\u00fctzten Grenzanlagen.<\/span><\/p>\n<p><span style=\"font-size: 12pt;\">Der Grenzaufbau sowie die milit\u00e4rischen Einsatz- und Verteidigungsvarianten wurden bis 1989 st\u00e4ndig erweitert und umstrukturiert.<\/span><\/p>\n<p><span style=\"font-size: 12pt;\">Der fr\u00fchere Grenzabschnitt 44 z\u00e4hlt heute als einer der am umf\u00e4nglichsten unter Denkmalschutz gestellten Grenzabschnitte entlang der einstigen deutsch-deutschen Grenzlinie. Gerade die zahlreichen arch\u00e4ologischen Bodendenkmale z\u00e4hlen hierbei als denkmalhistorisch einmalig.<\/span><\/p>\n<p><span style=\"font-size: 12pt;\">Stehen Sie vor einer Abschlussarbeit, Studien- oder Seminarpr\u00e4sentation oder einer Doktorarbeit zu dieser Thematik?<\/span><br \/>\n<span style=\"font-size: 12pt;\">Wir geben Ihnen gerne weitreichende und tiefe Einblicke in diese Thematik. Auch spezielle F\u00fchrungen sind m\u00f6glich. Fachliteratur ist ebenfalls erh\u00e4ltlich.<\/span><\/p>\n<p><span style=\"font-size: 12pt;\">Bei weiteren Fragen &#8211;&gt; Siehe <a title=\"Besucherservice\" href=\"https:\/\/deutsch-deutsches-freilandmuseum.de\/?page_id=27\"><em>Besucherservice<\/em><\/a><\/span><\/p>\n<p><span style=\"text-decoration: underline; font-size: 12pt;\">Anfahrt<\/span><\/p>\n<p><span style=\"font-size: 12pt;\">Das Deutsch-deutsche Freilandmuseum mit Mahn- und Gedenkst\u00e4tte liegt im Landkreis Schmalkalden-Meiningen. Die Anfahrt kann \u00fcber die Verbindungsstra\u00dfe Behrungen-Mendhausen-Wolfmannshausen erfolgen. (Auch Route der Erlebnisstra\u00dfe der deutschen Einheit) Das Deutsch-deutsche Freilandmuseum ist in den nahen Ortschaften zielf\u00fchrend mit amtlichen touristischen Verkehrshinweisen beschildert.<\/span><\/p>\n<p><span style=\"font-size: 12pt;\">Die \u00f6ffentlichen Stra\u00dfen sind auch mit Reisebussen befahrbar. Innerhalb der Mahn- und Gedenkst\u00e4tte befindet sich ein Fahrweg aus Betonplatten, dieser kann bei trockenen Wetter auch von Bussen befahren werden.<\/span><\/p>\n<p><span style=\"font-size: 12pt;\">Fernreisende haben die M\u00f6glichkeit \u00fcber die Autobahn A 71, Abfahrt Rentwertshausen-Behrungen das Freilandmuseum zu erreichen. Die bayerische Seite des Freilandmuseums liegt in der Ortschaft Rappershausen, diese kann ebenfalls von der Autobahn A71 erreicht werden. Hier ist die Abfahrt Mellrichstadt-Hendungen zu w\u00e4hlen. Auch von Behrungen\/Th\u00fcringen ist der Ort Rappershausen auf einer \u00f6ffentlichen Stra\u00dfe erreichbar.<\/span><\/p>\n<p><span style=\"font-size: 12pt;\">Bei weiteren Fragen &#8211;&gt; Siehe <em><span style=\"text-decoration: underline;\"><a title=\"Besucherservice\" href=\"https:\/\/deutsch-deutsches-freilandmuseum.de\/?page_id=27\">Besucherservice<\/a><\/span><\/em><\/span><\/p>\n<p><span style=\"text-decoration: underline; font-size: 12pt;\">Verkehrs- und Parkplatzsituation<\/span><\/p>\n<p><span style=\"font-size: 12pt;\">Das gesamte Areal des Deutsch-deutschen Freilandmuseums bei Behrungen\/Th\u00fcringen umfasst umf\u00e4nglich oberirdische als auch unterirdische Baulichkeiten der deutschen Teilungsgeschichte.<\/span><br \/>\n<span style=\"font-size: 12pt;\">Die langfristige Erhaltung der Anlagen und Baulichkeiten steht im Rahmen aller geschichtshistorischer und touristischer Bestrebungen im Vordergrund.<\/span><br \/>\n<span style=\"font-size: 12pt;\">Hierbei ist darauf hingewiesen, dass nicht alle Denkmalrelikte, im Besonderen, falls diese sich im Boden befinden, f\u00fcr den Besucher als schutzw\u00fcrdig zu erkennen sind.<\/span><br \/>\n<span style=\"font-size: 12pt;\">Im Falle der Denkmalanlage bei Behrungen erstreckt sich die Denkmalsituation auf das gesamte Freigel\u00e4nde, da es sich hierbei um einen Teilbereich des fr\u00fcheren DDR-Grenzgebiet-Schutzstreifens handelt.<\/span><\/p>\n<p><span style=\"font-size: 12pt;\">Das denkmalrelevante Gel\u00e4nde beginnt am Verlauf der heutigen Verbindungsstra\u00dfe der Ortschaften Behrungen nach Mendhausen. In Richtung Grenzverlauf endet das Denkmalareal mit der Landesgrenze der Bundesl\u00e4nder Th\u00fcringen und Bayern.<\/span><br \/>\n<span style=\"font-size: 12pt;\">Innerhalb der Denkmalanlage befinden sich milit\u00e4rische Fahrwege aus Betonplatten, unterschiedliche Zaunanlagen, ein Grenzturm sowie Teile der DDR-Staatsgrenze. Die bayerische Landesgrenze z\u00e4hlt ebenfalls zu den Teilungsdenkmalen und geh\u00f6rt somit zu der Kernzone des Denkmalensembles.<\/span><\/p>\n<p><span style=\"font-size: 12pt;\">Es k\u00f6nnen Teile des Denkmalgel\u00e4ndes per Pkw befahren werden. Grunds\u00e4tzlich ist das Befahren mit dem Pkw, dem Motorrad oder dem Fahrrad nur auf den vorhandenen milit\u00e4rischen Fahrwegen erlaubt. Jegliches Be- bzw. Durchfahren des Gel\u00e4ndes wie z.B. der Wiesen, der Ackerfl\u00e4chen oder von diversen Gr\u00fcnfl\u00e4chen muss unterbleiben.<\/span><br \/>\n<span style=\"font-size: 12pt;\">Durch das Stra\u00dfenverkehrsamt in Meiningen wurden mehrere amtliche Anweisungen bez\u00fcglich gesperrter Wege und der einzuhaltenden Fahrgeschwindigkeit im Freigel\u00e4nde erlassen. Entsprechende Beschilderungen wurden aufgestellt.<\/span><br \/>\n<span style=\"font-size: 12pt;\">Die Anweisungen sind von allen Verkehrsteilnehmern einzuhalten.<\/span><br \/>\n<span style=\"font-size: 12pt;\">Es gilt auf dem gesamten Freigel\u00e4nde die Stra\u00dfenverkehrsordnung (StVO).<\/span><br \/>\n<span style=\"font-size: 12pt;\">Das Befahren mittels Pkw, Bussen oder Motorr\u00e4dern als auch Fahrr\u00e4dern im Teilbereich der einstigen DDR-Staatsgrenze mit der bayerischen Landesgrenze ist auf Grund der denkmalsensiblen Situation des Gel\u00e4ndes grunds\u00e4tzlich verboten.<\/span><\/p>\n<p><span style=\"font-size: 12pt;\">Parkm\u00f6glichkeiten f\u00fcr Pkw, Motorr\u00e4der und Fahrr\u00e4der befinden sich punktuell im Gel\u00e4nde. Es finden sich entsprechende Parkhinweise.<\/span><br \/>\n<span style=\"font-size: 12pt;\">Das Parken auf den milit\u00e4rischen Fahrwegen ist nicht erlaubt.<\/span><\/p>\n<p><span style=\"font-size: 12pt;\">F\u00fcr Reisebusse besteht eine Wendem\u00f6glichkeit im Gel\u00e4nde. Die Reiseveranstalter sollten sich bez\u00fcglich einer detaillierten Abstimmung im Vorfeld mit den Betreibern der Denkmalanlage in Verbindung setzen.<\/span><\/p>\n<p><span style=\"font-size: 12pt;\">Jegliches Campen, Zelten, Grillen, offenes Feuer jeglicher Art, zu L\u00e4rmen sowie das Gebiet zu verunreinigen ist untersagt.<\/span><\/p>\n<p><span style=\"font-size: 12pt;\">Im gesamten Areal gilt: Betreten und Befahren auf eigene Gefahr!<\/span><\/p>\n<p><span style=\"font-size: 12pt;\"><em>Hinweis:<br \/>\n<\/em>Falls immer m\u00f6glich sollten Besucher der Denkmalanlage Parkm\u00f6glichkeiten in den Ortschaften Behrungen, Mendhausen, Rappershausen oder Wolfmannshausen nutzen.<\/span><br \/>\n<span style=\"font-size: 12pt;\">In Verbindung zu diesen Ortschaften wurden durch die Landkreise Grenzwander- und Erschlie\u00dfungswege, welche das Deutsch-deutsche Freilandmuseum tangieren realisiert.<\/span><\/p>\n<p><span style=\"font-size: 12pt;\">Bei weiteren Fragen &#8211;&gt; Siehe <em><a title=\"Besucherservice\" href=\"https:\/\/deutsch-deutsches-freilandmuseum.de\/?page_id=27\">Besucherservice<\/a><\/em><\/span><\/p>\n","protected":false},"excerpt":{"rendered":"<p>Deutsch-deutsches Freilandmuseum\u00a0 mit Mahn- und Gedenkst\u00e4tte zur deutschen Teilung Das Deutsch-deutsche Freilandmuseum ist im Jahr 2003 unter Teilnahme zahlreicher ideeller Partner an der th\u00fcringisch-bayerischen Landesgrenze gegr\u00fcndet worden. Kernbereich des Freilandmuseums sind die im Jahr 1999\/2000 entstandene Mahn- und Gedenkst\u00e4tte bei <a class=\"more-link\" href=\"https:\/\/deutsch-deutsches-freilandmuseum.de\/?page_id=23\">Weiterlesen\u00a0\u2026<\/a><\/p>\n","protected":false},"author":1,"featured_media":0,"parent":0,"menu_order":0,"comment_status":"closed","ping_status":"closed","template":"","meta":{"footnotes":""},"class_list":["post-23","page","type-page","status-publish","hentry"],"_links":{"self":[{"href":"https:\/\/deutsch-deutsches-freilandmuseum.de\/index.php?rest_route=\/wp\/v2\/pages\/23","targetHints":{"allow":["GET"]}}],"collection":[{"href":"https:\/\/deutsch-deutsches-freilandmuseum.de\/index.php?rest_route=\/wp\/v2\/pages"}],"about":[{"href":"https:\/\/deutsch-deutsches-freilandmuseum.de\/index.php?rest_route=\/wp\/v2\/types\/page"}],"author":[{"embeddable":true,"href":"https:\/\/deutsch-deutsches-freilandmuseum.de\/index.php?rest_route=\/wp\/v2\/users\/1"}],"replies":[{"embeddable":true,"href":"https:\/\/deutsch-deutsches-freilandmuseum.de\/index.php?rest_route=%2Fwp%2Fv2%2Fcomments&post=23"}],"version-history":[{"count":35,"href":"https:\/\/deutsch-deutsches-freilandmuseum.de\/index.php?rest_route=\/wp\/v2\/pages\/23\/revisions"}],"predecessor-version":[{"id":287,"href":"https:\/\/deutsch-deutsches-freilandmuseum.de\/index.php?rest_route=\/wp\/v2\/pages\/23\/revisions\/287"}],"wp:attachment":[{"href":"https:\/\/deutsch-deutsches-freilandmuseum.de\/index.php?rest_route=%2Fwp%2Fv2%2Fmedia&parent=23"}],"curies":[{"name":"wp","href":"https:\/\/api.w.org\/{rel}","templated":true}]}}