{"id":126,"date":"2019-08-18T15:05:37","date_gmt":"2019-08-18T13:05:37","guid":{"rendered":"http:\/\/deutsch-deutsches-freilandmuseum.de\/?page_id=126"},"modified":"2024-06-05T07:27:27","modified_gmt":"2024-06-05T05:27:27","slug":"naturschutz","status":"publish","type":"page","link":"https:\/\/deutsch-deutsches-freilandmuseum.de\/?page_id=126","title":{"rendered":"Naturschutz"},"content":{"rendered":"<p><span style=\"font-size: 12pt;\">Mit der Wiedervereinigung beider deutscher Staaten wurden die umf\u00e4nglichen Grenzsperraufbauten auf dem DDR-Territorium \u00fcberfl\u00fcssig. Nach deren Abbau er\u00f6ffnete sich auf dem Gel\u00e4ndestreifen entlang der Grenzlinie eine bis dahin einmalige Situation. Geordneter Arten- und Naturschutz konnte betrieben werden. Bereits Mitte der 1990er Jahre wurden diesbez\u00fcglich mehrere Positionspapiere durch Familie Erhard in Umlauf gebracht.<\/span><\/p>\n<p><span style=\"text-decoration: underline; font-size: 12pt;\">Artenschutz-, Forschungs- und Fledermauszentrum Bad Colberg<\/span><\/p>\n<p><span style=\"font-size: 12pt;\">Im Jahr 2003 konnte die, dem Verfall \u00fcberlassene Grenzturmruine bei Bad Colberg gekauft werden. Hier wollte die Familie Elke, Andreas und Manuel Erhard ein leuchtendes Beispiel des gelebten B\u00fcrgerengagements geben.<\/span><\/p>\n<p><span style=\"font-size: 12pt;\"><a href=\"https:\/\/deutsch-deutsches-freilandmuseum.de\/wordpress\/wp-content\/uploads\/Billmuthausen-1.jpg\"><img loading=\"lazy\" decoding=\"async\" class=\"size-medium wp-image-134 alignleft\" src=\"https:\/\/deutsch-deutsches-freilandmuseum.de\/wordpress\/wp-content\/uploads\/Billmuthausen-1-300x225.jpg\" alt=\"\" width=\"300\" height=\"225\" srcset=\"https:\/\/deutsch-deutsches-freilandmuseum.de\/wordpress\/wp-content\/uploads\/Billmuthausen-1-300x225.jpg 300w, https:\/\/deutsch-deutsches-freilandmuseum.de\/wordpress\/wp-content\/uploads\/Billmuthausen-1-768x576.jpg 768w, https:\/\/deutsch-deutsches-freilandmuseum.de\/wordpress\/wp-content\/uploads\/Billmuthausen-1.jpg 1024w, https:\/\/deutsch-deutsches-freilandmuseum.de\/wordpress\/wp-content\/uploads\/Billmuthausen-1-624x468.jpg 624w\" sizes=\"auto, (max-width: 300px) 100vw, 300px\" \/><\/a><\/span><span style=\"font-size: 12pt;\">Baugleiche, zumeist denkmalgesch\u00fctzte Grenzt\u00fcrme, die entlang der innerdeutschen Grenze stehen geblieben sind, werden nicht selten dem Vandalismus ausgesetzt und sind in der Folgezeit als Vogelturm oder Fledermausturm dem Verfall geweiht. Hier k\u00f6nnte im Sinne eines qualitativen Arten- und Naturschutzes wertvolle Arbeit geleistet werden. <\/span><span style=\"font-size: 12pt;\">Nach weitreichenden Sanierungsarbeiten ist das denkmalgesch\u00fctzte Bauwerk der Teilungsgeschichte, nahe der einstigen Ortschaft Billmuthausen heute ein Artenschutz-, Forschungs- und Fledermauszentrum mit bundesweitem Modelcharakter.<\/span><\/p>\n<p><span style=\"font-size: 10pt;\"><strong>Fr\u00fchere F\u00fchrungsstelle bei Bad Colberg<\/strong><\/span><\/p>\n<p>&nbsp;<\/p>\n<p><span style=\"font-size: 12pt;\"><a href=\"https:\/\/deutsch-deutsches-freilandmuseum.de\/wordpress\/wp-content\/uploads\/Fledermaus.jpg\"><img loading=\"lazy\" decoding=\"async\" class=\"size-medium wp-image-135 alignright\" src=\"https:\/\/deutsch-deutsches-freilandmuseum.de\/wordpress\/wp-content\/uploads\/Fledermaus-300x238.jpg\" alt=\"\" width=\"300\" height=\"238\" srcset=\"https:\/\/deutsch-deutsches-freilandmuseum.de\/wordpress\/wp-content\/uploads\/Fledermaus-300x238.jpg 300w, https:\/\/deutsch-deutsches-freilandmuseum.de\/wordpress\/wp-content\/uploads\/Fledermaus-768x609.jpg 768w, https:\/\/deutsch-deutsches-freilandmuseum.de\/wordpress\/wp-content\/uploads\/Fledermaus-624x495.jpg 624w, https:\/\/deutsch-deutsches-freilandmuseum.de\/wordpress\/wp-content\/uploads\/Fledermaus.jpg 969w\" sizes=\"auto, (max-width: 300px) 100vw, 300px\" \/><\/a><\/span><\/p>\n<p><span style=\"font-size: 12pt;\">Bei der Ausgestaltung des Innenbereiches des Turmes wurden zahlreiche nat\u00fcrliche Nisthilfen eingebracht. Hierzu z\u00e4hlen ausgeh\u00f6hlte Baumst\u00fcmpfe und Wurzelgeflechte f\u00fcr H\u00f6hlenbr\u00fcter als auch Halbh\u00f6hlenbr\u00fcter. Auch Kieselsteinsch\u00fcttungen und Sch\u00fcttungen aus geh\u00e4ckselter Rinde wurden angelegt und sind durch gesonderte Einflugm\u00f6glichkeiten f\u00fcr die Tiere auffindbar. Eine ganzes Seitenteil des Turmes konnte mittels einbringen bereits verbauten Pressplatten als Fledermausquartier gestaltet werden. Auf dem begehbaren Dach ist eine Plattform aus Geflecht f\u00fcr Freibr\u00fcter wie z.B. dem Wei\u00dfstorch vorgesehen.<\/span><\/p>\n<p style=\"text-align: right;\"><span style=\"font-size: 12pt;\">\u00a0\u00a0\u00a0\u00a0\u00a0\u00a0\u00a0\u00a0\u00a0\u00a0\u00a0\u00a0\u00a0<span style=\"font-size: 10pt;\">\u00a0 <strong>Fledermauseinflug, L\u00fcftungs\u00f6ffnung des Turmes<\/strong><\/span><\/span><\/p>\n<p>&nbsp;<\/p>\n<p><span style=\"font-size: 12pt;\"><a href=\"https:\/\/deutsch-deutsches-freilandmuseum.de\/wordpress\/wp-content\/uploads\/Wespe.jpg\"><img loading=\"lazy\" decoding=\"async\" class=\"alignleft wp-image-136\" src=\"https:\/\/deutsch-deutsches-freilandmuseum.de\/wordpress\/wp-content\/uploads\/Wespe-300x225.jpg\" alt=\"\" width=\"320\" height=\"240\" srcset=\"https:\/\/deutsch-deutsches-freilandmuseum.de\/wordpress\/wp-content\/uploads\/Wespe-300x225.jpg 300w, https:\/\/deutsch-deutsches-freilandmuseum.de\/wordpress\/wp-content\/uploads\/Wespe-768x576.jpg 768w, https:\/\/deutsch-deutsches-freilandmuseum.de\/wordpress\/wp-content\/uploads\/Wespe.jpg 1024w, https:\/\/deutsch-deutsches-freilandmuseum.de\/wordpress\/wp-content\/uploads\/Wespe-624x468.jpg 624w\" sizes=\"auto, (max-width: 320px) 100vw, 320px\" \/><\/a><\/span><\/p>\n<p><span style=\"font-size: 12pt;\">Gerade f\u00fcr Kleinstinsekten wie Wildbienen, Nachtfalter und Flugk\u00e4fer sind die zahlreichen Holzscheitst\u00e4mme mit hohem Todholzanteil in allen Turmetagen integriert worden. In den Folgejahren wurde der Grenzturm mit einer Energieversorgung ausgestattet. Es k\u00f6nnen seit dieser Zeit Naturschutz- sowie artenschutzspezifische Forschungen durchgef\u00fchrt werden, eigens installierte M\u00f6glichkeiten f\u00fcr Wildtierkameras, diese befinden sich in allen Etagen des Turmes, erm\u00f6glichen Langzeitbeobachtungen in jeder Jahreszeit und bei jeder Witterung.<\/span><\/p>\n<p><span style=\"font-size: 10pt;\"><strong>Hautfl\u00fcgler bei der Brutpflege in einem<\/strong><\/span><br \/>\n<span style=\"font-size: 10pt;\"><strong>Versorgungsschacht des Turmes<\/strong><\/span><\/p>\n","protected":false},"excerpt":{"rendered":"<p>Mit der Wiedervereinigung beider deutscher Staaten wurden die umf\u00e4nglichen Grenzsperraufbauten auf dem DDR-Territorium \u00fcberfl\u00fcssig. Nach deren Abbau er\u00f6ffnete sich auf dem Gel\u00e4ndestreifen entlang der Grenzlinie eine bis dahin einmalige Situation. Geordneter Arten- und Naturschutz konnte betrieben werden. Bereits Mitte der <a class=\"more-link\" href=\"https:\/\/deutsch-deutsches-freilandmuseum.de\/?page_id=126\">Weiterlesen\u00a0\u2026<\/a><\/p>\n","protected":false},"author":1,"featured_media":0,"parent":0,"menu_order":0,"comment_status":"closed","ping_status":"closed","template":"","meta":{"footnotes":""},"class_list":["post-126","page","type-page","status-publish","hentry"],"_links":{"self":[{"href":"https:\/\/deutsch-deutsches-freilandmuseum.de\/index.php?rest_route=\/wp\/v2\/pages\/126","targetHints":{"allow":["GET"]}}],"collection":[{"href":"https:\/\/deutsch-deutsches-freilandmuseum.de\/index.php?rest_route=\/wp\/v2\/pages"}],"about":[{"href":"https:\/\/deutsch-deutsches-freilandmuseum.de\/index.php?rest_route=\/wp\/v2\/types\/page"}],"author":[{"embeddable":true,"href":"https:\/\/deutsch-deutsches-freilandmuseum.de\/index.php?rest_route=\/wp\/v2\/users\/1"}],"replies":[{"embeddable":true,"href":"https:\/\/deutsch-deutsches-freilandmuseum.de\/index.php?rest_route=%2Fwp%2Fv2%2Fcomments&post=126"}],"version-history":[{"count":23,"href":"https:\/\/deutsch-deutsches-freilandmuseum.de\/index.php?rest_route=\/wp\/v2\/pages\/126\/revisions"}],"predecessor-version":[{"id":289,"href":"https:\/\/deutsch-deutsches-freilandmuseum.de\/index.php?rest_route=\/wp\/v2\/pages\/126\/revisions\/289"}],"wp:attachment":[{"href":"https:\/\/deutsch-deutsches-freilandmuseum.de\/index.php?rest_route=%2Fwp%2Fv2%2Fmedia&parent=126"}],"curies":[{"name":"wp","href":"https:\/\/api.w.org\/{rel}","templated":true}]}}